{"id":960,"date":"2020-11-16T20:04:20","date_gmt":"2020-11-16T19:04:20","guid":{"rendered":"https:\/\/jessheim.katolsk.no\/?page_id=960"},"modified":"2020-12-08T01:35:23","modified_gmt":"2020-12-08T00:35:23","slug":"gaver-til-menigheten","status":"publish","type":"page","link":"https:\/\/jessheim.katolsk.no\/?page_id=960","title":{"rendered":"Gaver til menigheten"},"content":{"rendered":"<h2 class=\"font_8\">\u200bHar du lyst til \u00e5 st\u00f8tte St. Gudmund menighet?<\/h2>\n<p><img loading=\"lazy\" decoding=\"async\" class=\" wp-image-961 alignright\" src=\"https:\/\/jessheim.katolsk.no\/wp-content\/uploads\/2020\/11\/orgel-0619.png\" alt=\"\" width=\"396\" height=\"225\" srcset=\"https:\/\/jessheim.katolsk.no\/wp-content\/uploads\/2020\/11\/orgel-0619.png 980w, https:\/\/jessheim.katolsk.no\/wp-content\/uploads\/2020\/11\/orgel-0619-300x171.png 300w, https:\/\/jessheim.katolsk.no\/wp-content\/uploads\/2020\/11\/orgel-0619-768x437.png 768w, https:\/\/jessheim.katolsk.no\/wp-content\/uploads\/2020\/11\/orgel-0619-956x544.png 956w\" sizes=\"auto, (max-width: 396px) 100vw, 396px\" \/><br \/>\nF\u00f8rst og fremst vil vi gjerne si takk til alle som har medvirket til liturgiske handlinger, gjennomf\u00f8ringen av kirkekaffe-arrangementer og de frivillige for vedlikehold av kirkebygget. Samtidig \u00f8nsker vi \u00e5 takke for kirkebidragene!<\/p>\n<p>Menigheten trenger flere fastegivere. Du kan enten opprette en avtalegiro eller sende bidraget via OKB sin giverkonto og skrive hvilken menighet pengene skal overf\u00f8res til. Avtalegiro kan lastes ned <a href=\"https:\/\/jessheim.katolsk.no\/?page_id=2910\">her<\/a> eller kan hentes ved kirkens hovedinngang. Fyll ut og legg den i en av menighetens postkasser (ved trappe). Man kan f\u00e5 skattefradrag for gaver man gir til menigheten for begge alternativene<\/p>\n<p>\u200b<strong>Oslo Katolske Bisped\u00f8mme (OKB)<br \/>\n<\/strong><strong>Kontonummer for fast givertjeneste: 3000.15.11110<\/strong><\/p>\n<p>\u200bMenigheten har <img loading=\"lazy\" decoding=\"async\" src=\"https:\/\/jessheim.katolsk.no\/wp-content\/uploads\/2020\/11\/vipps-orange-300x103.png\" alt=\"\" width=\"175\" height=\"60\"><\/p>\n<p>&nbsp;<\/p>\n<p>\u200bDu kan gi kollekt ved \u00e5 vippse til <a href=\"https:\/\/jessheim.katolsk.no\/?page_id=889\"><strong>Vipps 19006<\/strong><\/a>.<br \/>\nAndre betalinger til menigheten, f.eks. d\u00e5pslys, kirkekaffe kan gj\u00f8res til nr. <strong>Vipps 19007<\/strong>.<\/p>\n<p>Vipps <strong>19006<\/strong> og Vipps <strong>19007<\/strong> er blitt en VippsGo tjeneste.<br \/>\n<strong>Med VippsGo gis fradrag i skattepliktig inntekt for giverne.<\/strong><\/p>\n","protected":false},"excerpt":{"rendered":"<p>\u200bHar du lyst til \u00e5 st\u00f8tte St. Gudmund menighet? F\u00f8rst og fremst vil vi gjerne si takk til alle som<\/p>\n","protected":false},"author":2,"featured_media":0,"parent":0,"menu_order":0,"comment_status":"closed","ping_status":"closed","template":"","meta":{"colormag_page_container_layout":"default_layout","colormag_page_sidebar_layout":"default_layout","ngg_post_thumbnail":0,"footnotes":""},"class_list":["post-960","page","type-page","status-publish","hentry"],"_links":{"self":[{"href":"https:\/\/jessheim.katolsk.no\/index.php?rest_route=\/wp\/v2\/pages\/960","targetHints":{"allow":["GET"]}}],"collection":[{"href":"https:\/\/jessheim.katolsk.no\/index.php?rest_route=\/wp\/v2\/pages"}],"about":[{"href":"https:\/\/jessheim.katolsk.no\/index.php?rest_route=\/wp\/v2\/types\/page"}],"author":[{"embeddable":true,"href":"https:\/\/jessheim.katolsk.no\/index.php?rest_route=\/wp\/v2\/users\/2"}],"replies":[{"embeddable":true,"href":"https:\/\/jessheim.katolsk.no\/index.php?rest_route=%2Fwp%2Fv2%2Fcomments&post=960"}],"version-history":[{"count":13,"href":"https:\/\/jessheim.katolsk.no\/index.php?rest_route=\/wp\/v2\/pages\/960\/revisions"}],"predecessor-version":[{"id":3706,"href":"https:\/\/jessheim.katolsk.no\/index.php?rest_route=\/wp\/v2\/pages\/960\/revisions\/3706"}],"wp:attachment":[{"href":"https:\/\/jessheim.katolsk.no\/index.php?rest_route=%2Fwp%2Fv2%2Fmedia&parent=960"}],"curies":[{"name":"wp","href":"https:\/\/api.w.org\/{rel}","templated":true}]}}