{"id":3781,"date":"2020-12-10T14:08:46","date_gmt":"2020-12-10T13:08:46","guid":{"rendered":"https:\/\/jessheim.katolsk.no\/?page_id=3781"},"modified":"2020-12-10T14:47:04","modified_gmt":"2020-12-10T13:47:04","slug":"hva-er-ikon","status":"publish","type":"page","link":"https:\/\/jessheim.katolsk.no\/?page_id=3781","title":{"rendered":"Hva er ikon?"},"content":{"rendered":"<p style=\"text-align: right;\"><em>Av Jeannine Teresa Lyngsv\u00e5g <\/em><\/p>\n<p>Ikon blir ogs\u00e5 kalt vindu til himmelen &#8211; ikoner lager en bro mellom personene som betrakter motivet, en bro mellom mennesker og Gud.<\/p>\n<p>\u00c5 lage og male et ikon &#8211; vil si \u00e5 skrive et ikon, det betyr \u00e5 meditere over motivet som er forankret i kristen tro, i den Hellige Skrift eller i den kristne tradisjonen. Det vil si hendelser, engler og personer fra det gamle og nye testamentet, samt helgener som vi vet om gjennom kristen tradisjon.<\/p>\n<p>Et ikon skal &laquo;snakke&raquo; til deg, da blir det meditasjon, b\u00f8nn i stillhet. Derfor kaller jeg ikoner ogs\u00e5 for malte b\u00f8nner. Ikoner kan ogs\u00e5 brukes f. eks. til rosenkransb\u00f8nn, lese tekster fra bibelen (<em>lectio divina<\/em>) &#8230;<\/p>\n<p>\u00c5 lage ikon skjer med Guds hjelp og n\u00e5de og lages etter gammel kristen tradisjon og regler.<\/p>\n<p>Jeg bruker eggeplomme, vann, alkohol, pigmenter, kritt, lint\u00f8y, treplate, lim, bladgull 23,75 karat. T\u00f8rketid for et ikon er ett \u00e5r.<\/p>\n<p>Et ikon er liksom et &laquo;naturprodukt&raquo; og er holdbart i mange generasjoner, naturligvis m\u00e5 de behandles som andre malerier.<\/p>\n<p>Fint er det ogs\u00e5 \u00e5 kunne gi en gave enten til d\u00e5pen, kommunion, ferming, bryllup, navnedag eller f\u00f8dselsdag.<\/p>\n<p>&nbsp;<\/p>\n<p>(Mer om Mariaikonet: <a href=\"http:\/\/www.katolsk.no\/nyheter\/2020\/07\/et-ikon-for-en-ekstraordinaer-tid-salus-populi-romani\"><em>http:\/\/www.katolsk.no\/nyheter\/2020\/07\/et-ikon-for-en-ekstraordinaer-tid-salus-populi-romani<\/em><\/a>)<\/p>\n","protected":false},"excerpt":{"rendered":"<p>Av Jeannine Teresa Lyngsv\u00e5g Ikon blir ogs\u00e5 kalt vindu til himmelen &#8211; ikoner lager en bro mellom personene som betrakter<\/p>\n","protected":false},"author":2,"featured_media":0,"parent":0,"menu_order":0,"comment_status":"closed","ping_status":"closed","template":"","meta":{"colormag_page_container_layout":"default_layout","colormag_page_sidebar_layout":"default_layout","ngg_post_thumbnail":0,"footnotes":""},"class_list":["post-3781","page","type-page","status-publish","hentry"],"_links":{"self":[{"href":"https:\/\/jessheim.katolsk.no\/index.php?rest_route=\/wp\/v2\/pages\/3781","targetHints":{"allow":["GET"]}}],"collection":[{"href":"https:\/\/jessheim.katolsk.no\/index.php?rest_route=\/wp\/v2\/pages"}],"about":[{"href":"https:\/\/jessheim.katolsk.no\/index.php?rest_route=\/wp\/v2\/types\/page"}],"author":[{"embeddable":true,"href":"https:\/\/jessheim.katolsk.no\/index.php?rest_route=\/wp\/v2\/users\/2"}],"replies":[{"embeddable":true,"href":"https:\/\/jessheim.katolsk.no\/index.php?rest_route=%2Fwp%2Fv2%2Fcomments&post=3781"}],"version-history":[{"count":4,"href":"https:\/\/jessheim.katolsk.no\/index.php?rest_route=\/wp\/v2\/pages\/3781\/revisions"}],"predecessor-version":[{"id":3791,"href":"https:\/\/jessheim.katolsk.no\/index.php?rest_route=\/wp\/v2\/pages\/3781\/revisions\/3791"}],"wp:attachment":[{"href":"https:\/\/jessheim.katolsk.no\/index.php?rest_route=%2Fwp%2Fv2%2Fmedia&parent=3781"}],"curies":[{"name":"wp","href":"https:\/\/api.w.org\/{rel}","templated":true}]}}