{"id":3747,"date":"2020-12-10T03:14:20","date_gmt":"2020-12-10T02:14:20","guid":{"rendered":"https:\/\/jessheim.katolsk.no\/?page_id=3747"},"modified":"2020-12-10T04:18:41","modified_gmt":"2020-12-10T03:18:41","slug":"billedgalleri-meditasjon","status":"publish","type":"page","link":"https:\/\/jessheim.katolsk.no\/?page_id=3747","title":{"rendered":"Billedgalleri Meditasjon"},"content":{"rendered":"<p>\u00c5 kom, \u00e5 kom, Emmanuel<br \/>\nngg_shortcode_0_placeholder<br \/>\nIkonene er laget ved Guds hjelp ved Jeannine T Lyngsv\u00e5gs h\u00e5nd<br \/>\nKontakt-info: <a href=\"mailto:terese.lyngsvg@gmail.com\">terese.lyngsvg@gmail.com<\/a><\/p>\n","protected":false},"excerpt":{"rendered":"<p>\u00c5 kom, \u00e5 kom, Emmanuel Ikonene er laget ved Guds hjelp ved Jeannine T Lyngsv\u00e5gs h\u00e5nd Kontakt-info: terese.lyngsvg@gmail.com<\/p>\n","protected":false},"author":2,"featured_media":0,"parent":0,"menu_order":0,"comment_status":"closed","ping_status":"closed","template":"template-full-width.php","meta":{"colormag_page_container_layout":"default_layout","colormag_page_sidebar_layout":"default_layout","ngg_post_thumbnail":0,"footnotes":""},"class_list":["post-3747","page","type-page","status-publish","hentry"],"_links":{"self":[{"href":"https:\/\/jessheim.katolsk.no\/index.php?rest_route=\/wp\/v2\/pages\/3747","targetHints":{"allow":["GET"]}}],"collection":[{"href":"https:\/\/jessheim.katolsk.no\/index.php?rest_route=\/wp\/v2\/pages"}],"about":[{"href":"https:\/\/jessheim.katolsk.no\/index.php?rest_route=\/wp\/v2\/types\/page"}],"author":[{"embeddable":true,"href":"https:\/\/jessheim.katolsk.no\/index.php?rest_route=\/wp\/v2\/users\/2"}],"replies":[{"embeddable":true,"href":"https:\/\/jessheim.katolsk.no\/index.php?rest_route=%2Fwp%2Fv2%2Fcomments&post=3747"}],"version-history":[{"count":10,"href":"https:\/\/jessheim.katolsk.no\/index.php?rest_route=\/wp\/v2\/pages\/3747\/revisions"}],"predecessor-version":[{"id":3774,"href":"https:\/\/jessheim.katolsk.no\/index.php?rest_route=\/wp\/v2\/pages\/3747\/revisions\/3774"}],"wp:attachment":[{"href":"https:\/\/jessheim.katolsk.no\/index.php?rest_route=%2Fwp%2Fv2%2Fmedia&parent=3747"}],"curies":[{"name":"wp","href":"https:\/\/api.w.org\/{rel}","templated":true}]}}