{"id":3555,"date":"2020-12-05T15:03:41","date_gmt":"2020-12-05T14:03:41","guid":{"rendered":"https:\/\/jessheim.katolsk.no\/?page_id=3555"},"modified":"2020-12-07T17:43:36","modified_gmt":"2020-12-07T16:43:36","slug":"troskurs","status":"publish","type":"page","link":"https:\/\/jessheim.katolsk.no\/?page_id=3555","title":{"rendered":"Katolsk orientering"},"content":{"rendered":"<p><a href=\"https:\/\/jessheim.katolsk.no\/wp-content\/uploads\/2020\/12\/4eed04ed-eaef-4843-914e-62213db12339.jpeg\"><img loading=\"lazy\" decoding=\"async\" class=\" wp-image-3557 alignleft\" src=\"https:\/\/jessheim.katolsk.no\/wp-content\/uploads\/2020\/12\/4eed04ed-eaef-4843-914e-62213db12339.jpeg\" alt=\"\" width=\"272\" height=\"272\" srcset=\"https:\/\/jessheim.katolsk.no\/wp-content\/uploads\/2020\/12\/4eed04ed-eaef-4843-914e-62213db12339.jpeg 200w, https:\/\/jessheim.katolsk.no\/wp-content\/uploads\/2020\/12\/4eed04ed-eaef-4843-914e-62213db12339-150x150.jpeg 150w\" sizes=\"auto, (max-width: 272px) 100vw, 272px\" \/><\/a>Katolsk orientering er et tilbud til ikke-katolikker som \u00f8nsker \u00e5 vite mer om katolisisme.&nbsp;Den tar sikte p\u00e5 \u00e5 belyse de vesentlige sider ved den katolske tro og l\u00e6re. For dere&nbsp;som har tenkt \u00e5 konvertere til Den katolske kirke er katolsk orientering et ledd i forberedelsen.&nbsp;<\/p>\n<p>\u200b<br \/>\n<a href=\"http:\/\/www.katolsk.no\/tro\">Her<\/a> kan du lese mer om katolsk tro.<\/p>\n<p>Kurset krever p\u00e5melding, ta gjerne kontakt med menighetskontoret p\u00e5 <a href=\"mailto:jessheim@katolsk.no\">jessheim@katolsk.no<\/a> eller en av prestene.<\/p>\n<p>\u200b<\/p>\n<p>\u200b<\/p>\n","protected":false},"excerpt":{"rendered":"<p>Katolsk orientering er et tilbud til ikke-katolikker som \u00f8nsker \u00e5 vite mer om katolisisme.&nbsp;Den tar sikte p\u00e5 \u00e5 belyse de<\/p>\n","protected":false},"author":2,"featured_media":0,"parent":0,"menu_order":0,"comment_status":"closed","ping_status":"closed","template":"","meta":{"colormag_page_container_layout":"default_layout","colormag_page_sidebar_layout":"default_layout","ngg_post_thumbnail":0,"footnotes":""},"class_list":["post-3555","page","type-page","status-publish","hentry"],"_links":{"self":[{"href":"https:\/\/jessheim.katolsk.no\/index.php?rest_route=\/wp\/v2\/pages\/3555","targetHints":{"allow":["GET"]}}],"collection":[{"href":"https:\/\/jessheim.katolsk.no\/index.php?rest_route=\/wp\/v2\/pages"}],"about":[{"href":"https:\/\/jessheim.katolsk.no\/index.php?rest_route=\/wp\/v2\/types\/page"}],"author":[{"embeddable":true,"href":"https:\/\/jessheim.katolsk.no\/index.php?rest_route=\/wp\/v2\/users\/2"}],"replies":[{"embeddable":true,"href":"https:\/\/jessheim.katolsk.no\/index.php?rest_route=%2Fwp%2Fv2%2Fcomments&post=3555"}],"version-history":[{"count":7,"href":"https:\/\/jessheim.katolsk.no\/index.php?rest_route=\/wp\/v2\/pages\/3555\/revisions"}],"predecessor-version":[{"id":3704,"href":"https:\/\/jessheim.katolsk.no\/index.php?rest_route=\/wp\/v2\/pages\/3555\/revisions\/3704"}],"wp:attachment":[{"href":"https:\/\/jessheim.katolsk.no\/index.php?rest_route=%2Fwp%2Fv2%2Fmedia&parent=3555"}],"curies":[{"name":"wp","href":"https:\/\/api.w.org\/{rel}","templated":true}]}}