{"id":2886,"date":"2020-11-27T19:25:28","date_gmt":"2020-11-27T18:25:28","guid":{"rendered":"https:\/\/jessheim.katolsk.no\/?page_id=2886"},"modified":"2020-12-08T02:09:06","modified_gmt":"2020-12-08T01:09:06","slug":"orgelfond","status":"publish","type":"page","link":"https:\/\/jessheim.katolsk.no\/?page_id=2886","title":{"rendered":"Orgelfond"},"content":{"rendered":"<p><img loading=\"lazy\" decoding=\"async\" class=\"size-medium wp-image-2889 alignright\" src=\"https:\/\/jessheim.katolsk.no\/wp-content\/uploads\/2020\/11\/orgel-06193-225x300.jpg\" alt=\"\" width=\"225\" height=\"300\" srcset=\"https:\/\/jessheim.katolsk.no\/wp-content\/uploads\/2020\/11\/orgel-06193-225x300.jpg 225w, https:\/\/jessheim.katolsk.no\/wp-content\/uploads\/2020\/11\/orgel-06193-768x1024.jpg 768w, https:\/\/jessheim.katolsk.no\/wp-content\/uploads\/2020\/11\/orgel-06193-1152x1536.jpg 1152w, https:\/\/jessheim.katolsk.no\/wp-content\/uploads\/2020\/11\/orgel-06193-1536x2048.jpg 1536w, https:\/\/jessheim.katolsk.no\/wp-content\/uploads\/2020\/11\/orgel-06193-956x1275.jpg 956w, https:\/\/jessheim.katolsk.no\/wp-content\/uploads\/2020\/11\/orgel-06193-scaled.jpg 1920w\" sizes=\"auto, (max-width: 225px) 100vw, 225px\" \/><\/p>\n<p>St. Gudmund menighet har opprettet et fond med det form\u00e5l \u00e5 samle inn penger til anskaffelse av et brukt orgel fra Tyskland.<br \/>\nMandag 28. januar 2019 ankom endelig orgelet kirken. Mer om dette kan dere lese <u><a href=\"https:\/\/jessheim.katolsk.no\/?p=2415\">her<\/a><\/u>.<\/p>\n<p>Sammenlagt ligger prisen p\u00e5 ca. 1,5 millioner kroner. Inkludert i prisen er demontering, rengj\u00f8ring, transportering, forsikring og re-montering av orgelet. Vi har f\u00e5tt en gener\u00f8s gave fra Oslo Katolske Bisped\u00f8mme ved biskop Bernt Eidsvig Can. Reg. p\u00e5 750 000 kroner nettopp til dette form\u00e5let. Vi er meget takknemlig for biskopens gener\u00f8sitet.<\/p>\n<p>Pr. dags dato (04.12.2019) har vi samlet inn kr. 536 280.<\/p>\n<p>Tusen hjertelig takk for deres st\u00f8tte!<\/p>\n<p>&nbsp;<\/p>\n<p>&nbsp;<\/p>\n<table style=\"font-size: 12pt;\">\n<tbody>\n<tr>\n<td width=\"260\" valign=\"top\"><img loading=\"lazy\" decoding=\"async\" src=\"https:\/\/jessheim.katolsk.no\/wp-content\/uploads\/2020\/11\/orgel-06192-225x300.jpg\" alt=\"\" width=\"225\" height=\"300\"><\/td>\n<td style=\"float: left;\"><strong>Teknisk info:<\/strong><\/p>\n<p>Orgelbygger: Hubert Sandtner, Dillingen an der Donau<\/p>\n<p>Bygge\u00e5r: 1977<br \/>\n\u200b<br \/>\nMeget godt og kvalitetsmessig h\u00f8yverdig Sandtner kirkeorgel med 18 registre, 2 manualer og pedal.<br \/>\n\u200b<br \/>\nVakker og fargerik klang.<\/p>\n<p>&nbsp;<\/p>\n<p>&nbsp;<\/td>\n<\/tr>\n<tr>\n<td valign=\"top\"><img loading=\"lazy\" decoding=\"async\" class=\"\" src=\"https:\/\/jessheim.katolsk.no\/wp-content\/uploads\/2020\/11\/Orgel_03-238x300.jpg\" alt=\"\" width=\"225\" height=\"284\"><\/td>\n<td style=\"float: left;\">Orgelhus bygget i furu heltre.<\/p>\n<p>Orgelet vil ha lang levetid fordi viktige tekniske funksjoner er mekaniske og basert p\u00e5 velpr\u00f8vde l\u00f8sninger.<\/p>\n<p>Med 18 registre (piperekker) har&nbsp;vi et instrument som er n\u00f8kternt, men som likevel gj\u00f8r mulig et variert og fargerikt spill i liturgien.<\/p>\n<p>&nbsp;<\/p>\n<p>&nbsp;<\/p>\n<p>&nbsp;<\/td>\n<\/tr>\n<\/tbody>\n<\/table>\n<p>&nbsp;<\/p>\n<p><span style=\"color: #0000ff;\"><strong>Det er forskjellige m\u00e5ter \u00e5 st\u00f8tte p\u00e5:<\/strong><\/span>\u200b<br \/>\n<strong>&nbsp;<br \/>\nPENGEBOKS<\/strong><\/p>\n<p>Vi trenger fortsatt deres hjelp. Vi har en pengeboks p\u00e5 veggen ved siden av St. Antonius&nbsp;hvor du kan gi din st\u00f8tte eller p\u00e5&nbsp;bankkontonummer:&nbsp;\u200b\u200b<\/p>\n<p>&nbsp;<\/p>\n<p><strong>BORGNY STRIKKER P\u00c5 BESTILLING<\/strong><\/p>\n<p>Strikkeglad dame, Borgny Skattebo, strikker gjerne for andre p\u00e5 bestilling. Hun tar betalt for materialet mens overskuddet g\u00e5r til orgelfondet.&nbsp;For bestilling, kontakt Borgny p\u00e5 e-post: <a href=\"mailto:borgny.skattebo@gmail.com\">borgny.skattebo@gmail.com<\/a> eller mobil: 975 67 823.<\/p>\n<p>&nbsp;<\/p>\n<p><strong>AVTALEGIRO<\/strong><\/p>\n<p>Du kan ogs\u00e5 opprette <a href=\"https:\/\/jessheim.katolsk.no\/?page_id=2910\">avtalegiro<\/a> via Oslo Katolske Bisped\u00f8mme (OKB) sin giverkonto og skrive hvilken menighet pengene skal overf\u00f8res til. OKBs kontonummer for fast givertjeneste: <span style=\"color: #ff0000;\"><strong>3000.15.11110<\/strong><\/span><strong>\u200b<\/strong><strong>\u200b<\/strong><\/p>\n<p>&nbsp;<\/p>\n<p><strong>BANKKONTONUMMER<\/strong><\/p>\n<p>Du kan gi din st\u00f8tte direkte til orgelfondets kontonummer: <span style=\"color: #ff0000;\"><strong>1204.02.94250<\/strong><\/span><\/p>\n<table>\n<tbody>\n<tr>\n<td><img loading=\"lazy\" decoding=\"async\" src=\"https:\/\/jessheim.katolsk.no\/wp-content\/uploads\/2020\/11\/IMG_20170126_155937-01-300x225.jpeg\" alt=\"\" width=\"300\" height=\"225\"><\/td>\n<td><img loading=\"lazy\" decoding=\"async\" src=\"https:\/\/jessheim.katolsk.no\/wp-content\/uploads\/2020\/11\/aee2f8_4b6381ece7a846d68aff40bd667908ffmv2_d_4032_3024_s_4_2-300x225.jpg\" alt=\"\" width=\"300\" height=\"225\"><\/td>\n<\/tr>\n<tr>\n<td><strong>F\u00f8r<\/strong><\/td>\n<td><strong>N\u00e5<\/strong><\/td>\n<\/tr>\n<\/tbody>\n<\/table>\n","protected":false},"excerpt":{"rendered":"<p>St. Gudmund menighet har opprettet et fond med det form\u00e5l \u00e5 samle inn penger til anskaffelse av et brukt orgel<\/p>\n","protected":false},"author":2,"featured_media":0,"parent":0,"menu_order":0,"comment_status":"closed","ping_status":"closed","template":"","meta":{"colormag_page_container_layout":"default_layout","colormag_page_sidebar_layout":"default_layout","ngg_post_thumbnail":0,"footnotes":""},"class_list":["post-2886","page","type-page","status-publish","hentry"],"_links":{"self":[{"href":"https:\/\/jessheim.katolsk.no\/index.php?rest_route=\/wp\/v2\/pages\/2886","targetHints":{"allow":["GET"]}}],"collection":[{"href":"https:\/\/jessheim.katolsk.no\/index.php?rest_route=\/wp\/v2\/pages"}],"about":[{"href":"https:\/\/jessheim.katolsk.no\/index.php?rest_route=\/wp\/v2\/types\/page"}],"author":[{"embeddable":true,"href":"https:\/\/jessheim.katolsk.no\/index.php?rest_route=\/wp\/v2\/users\/2"}],"replies":[{"embeddable":true,"href":"https:\/\/jessheim.katolsk.no\/index.php?rest_route=%2Fwp%2Fv2%2Fcomments&post=2886"}],"version-history":[{"count":22,"href":"https:\/\/jessheim.katolsk.no\/index.php?rest_route=\/wp\/v2\/pages\/2886\/revisions"}],"predecessor-version":[{"id":3711,"href":"https:\/\/jessheim.katolsk.no\/index.php?rest_route=\/wp\/v2\/pages\/2886\/revisions\/3711"}],"wp:attachment":[{"href":"https:\/\/jessheim.katolsk.no\/index.php?rest_route=%2Fwp%2Fv2%2Fmedia&parent=2886"}],"curies":[{"name":"wp","href":"https:\/\/api.w.org\/{rel}","templated":true}]}}