{"id":1052,"date":"2020-11-18T01:47:45","date_gmt":"2020-11-18T00:47:45","guid":{"rendered":"https:\/\/jessheim.katolsk.no\/?page_id=1052"},"modified":"2020-12-08T02:30:02","modified_gmt":"2020-12-08T01:30:02","slug":"ordinasjon-prestevigsel","status":"publish","type":"page","link":"https:\/\/jessheim.katolsk.no\/?page_id=1052","title":{"rendered":"Sakrament: Ordinasjon \/ prestevigsel"},"content":{"rendered":"<p><img loading=\"lazy\" decoding=\"async\" class=\" wp-image-424 alignleft\" src=\"https:\/\/jessheim.katolsk.no\/wp-content\/uploads\/2020\/11\/ordinasjon.gif\" alt=\"\" width=\"275\" height=\"270\">Presteordinasjon og katolske studier p\u00e5&nbsp;<a href=\"http:\/\/steystein.katolsk.no\/\" target=\"_blank\" rel=\"noopener noreferrer\" data-content=\"http:\/\/steystein.katolsk.no\/\" data-type=\"external\">nettsidene<\/a>&nbsp;til St. Eystein presteseminar.<\/p>\n<p>&nbsp;<\/p>\n<p><strong>\u00d8nsker du \u00e5 st\u00f8tte presteseminar i OKB?<\/strong><\/p>\n<p>Seminarets Venner er en forening som ber for prestekall og st\u00f8tter seminaret \u00f8konomisk.<\/p>\n<p><a href=\"http:\/\/steystein.katolsk.no\/?page_id=13\" target=\"_blank\" rel=\"noopener noreferrer\" data-content=\"http:\/\/steystein.katolsk.no\/?page_id=13\" data-type=\"external\">Her<\/a> kan du lese mer om Seminarets Venner.<\/p>\n","protected":false},"excerpt":{"rendered":"<p>Presteordinasjon og katolske studier p\u00e5&nbsp;nettsidene&nbsp;til St. Eystein presteseminar. &nbsp; \u00d8nsker du \u00e5 st\u00f8tte presteseminar i OKB? Seminarets Venner er en<\/p>\n","protected":false},"author":2,"featured_media":0,"parent":0,"menu_order":0,"comment_status":"closed","ping_status":"closed","template":"","meta":{"colormag_page_container_layout":"default_layout","colormag_page_sidebar_layout":"default_layout","ngg_post_thumbnail":0,"footnotes":""},"class_list":["post-1052","page","type-page","status-publish","hentry"],"_links":{"self":[{"href":"https:\/\/jessheim.katolsk.no\/index.php?rest_route=\/wp\/v2\/pages\/1052","targetHints":{"allow":["GET"]}}],"collection":[{"href":"https:\/\/jessheim.katolsk.no\/index.php?rest_route=\/wp\/v2\/pages"}],"about":[{"href":"https:\/\/jessheim.katolsk.no\/index.php?rest_route=\/wp\/v2\/types\/page"}],"author":[{"embeddable":true,"href":"https:\/\/jessheim.katolsk.no\/index.php?rest_route=\/wp\/v2\/users\/2"}],"replies":[{"embeddable":true,"href":"https:\/\/jessheim.katolsk.no\/index.php?rest_route=%2Fwp%2Fv2%2Fcomments&post=1052"}],"version-history":[{"count":6,"href":"https:\/\/jessheim.katolsk.no\/index.php?rest_route=\/wp\/v2\/pages\/1052\/revisions"}],"predecessor-version":[{"id":3719,"href":"https:\/\/jessheim.katolsk.no\/index.php?rest_route=\/wp\/v2\/pages\/1052\/revisions\/3719"}],"wp:attachment":[{"href":"https:\/\/jessheim.katolsk.no\/index.php?rest_route=%2Fwp%2Fv2%2Fmedia&parent=1052"}],"curies":[{"name":"wp","href":"https:\/\/api.w.org\/{rel}","templated":true}]}}