{"id":1039,"date":"2020-11-18T01:36:55","date_gmt":"2020-11-18T00:36:55","guid":{"rendered":"https:\/\/jessheim.katolsk.no\/?page_id=1039"},"modified":"2022-10-25T11:04:39","modified_gmt":"2022-10-25T09:04:39","slug":"1039-2","status":"publish","type":"page","link":"https:\/\/jessheim.katolsk.no\/?page_id=1039","title":{"rendered":"Sakrament: Ferming"},"content":{"rendered":"<p class=\"font_8\"><span style=\"font-size: 14pt;\"><img loading=\"lazy\" decoding=\"async\" class=\"wp-image-116 alignleft\" src=\"https:\/\/jessheim.katolsk.no\/wp-content\/uploads\/2020\/11\/ferming.jpg\" alt=\"\" width=\"261\" height=\"292\" srcset=\"https:\/\/jessheim.katolsk.no\/wp-content\/uploads\/2020\/11\/ferming.jpg 736w, https:\/\/jessheim.katolsk.no\/wp-content\/uploads\/2020\/11\/ferming-268x300.jpg 268w\" sizes=\"auto, (max-width: 261px) 100vw, 261px\" \/><\/span><\/p>\n<p>I Den katolske kirke bruker vi som regel begrepet ferming som betyr styrkelse, mens konfirmasjon betyr bekreftelse. I fermingens sakrament mottar vi den Hellige \u00c5nds syv n\u00e5degaver: visdoms og forstands \u00c5nd, r\u00e5ds og styrkes \u00c5nd, kunnskaps og fromhets \u00c5nd og gudsfrykts \u00c5nd. Disse n\u00e5degavene utruster oss til \u00e5 bli modne kristne og til \u00e5 avlegge trosvitnesbyrd om Kristus.<\/p>\n<p>Ungdommer som \u00f8nsker \u00e5 motta fermingens sakrament, m\u00e5 delta p\u00e5 katekesen f\u00f8rst. Konfirmanter blir forberedt til \u00e5 motta fermingens sakrament n\u00e5r de g\u00e5r i 9. klasse katekeseundervisning.<\/p>\n<p>&nbsp;<\/p>\n<p>&nbsp;<\/p>\n<p class=\"note\">Kilder:<br \/>\nTorvild Oftestad og Marieke Van den Berg, 2002. s. 111-112. Jeg er med dere &#8211; om trosbekjennelsen og sakramentene. Oslo. Det Kateketiske Senter OKB. <em>(Teksten er blitt redigert for \u00e5 tilpasse nettsidens format.)<\/em><\/p>\n","protected":false},"excerpt":{"rendered":"<p>I Den katolske kirke bruker vi som regel begrepet ferming som betyr styrkelse, mens konfirmasjon betyr bekreftelse. I fermingens sakrament<\/p>\n","protected":false},"author":2,"featured_media":0,"parent":0,"menu_order":0,"comment_status":"closed","ping_status":"closed","template":"","meta":{"colormag_page_container_layout":"default_layout","colormag_page_sidebar_layout":"default_layout","ngg_post_thumbnail":0,"footnotes":""},"class_list":["post-1039","page","type-page","status-publish","hentry"],"_links":{"self":[{"href":"https:\/\/jessheim.katolsk.no\/index.php?rest_route=\/wp\/v2\/pages\/1039","targetHints":{"allow":["GET"]}}],"collection":[{"href":"https:\/\/jessheim.katolsk.no\/index.php?rest_route=\/wp\/v2\/pages"}],"about":[{"href":"https:\/\/jessheim.katolsk.no\/index.php?rest_route=\/wp\/v2\/types\/page"}],"author":[{"embeddable":true,"href":"https:\/\/jessheim.katolsk.no\/index.php?rest_route=\/wp\/v2\/users\/2"}],"replies":[{"embeddable":true,"href":"https:\/\/jessheim.katolsk.no\/index.php?rest_route=%2Fwp%2Fv2%2Fcomments&post=1039"}],"version-history":[{"count":13,"href":"https:\/\/jessheim.katolsk.no\/index.php?rest_route=\/wp\/v2\/pages\/1039\/revisions"}],"predecessor-version":[{"id":6090,"href":"https:\/\/jessheim.katolsk.no\/index.php?rest_route=\/wp\/v2\/pages\/1039\/revisions\/6090"}],"wp:attachment":[{"href":"https:\/\/jessheim.katolsk.no\/index.php?rest_route=%2Fwp%2Fv2%2Fmedia&parent=1039"}],"curies":[{"name":"wp","href":"https:\/\/api.w.org\/{rel}","templated":true}]}}