{"id":1004,"date":"2020-11-16T21:15:16","date_gmt":"2020-11-16T20:15:16","guid":{"rendered":"https:\/\/jessheim.katolsk.no\/?page_id=1004"},"modified":"2020-12-08T02:20:44","modified_gmt":"2020-12-08T01:20:44","slug":"skriftemal","status":"publish","type":"page","link":"https:\/\/jessheim.katolsk.no\/?page_id=1004","title":{"rendered":"Sakrament: Skriftem\u00e5l\u00a0"},"content":{"rendered":"<p><span class=\"color_15\" style=\"font-size: 14pt;\"><img loading=\"lazy\" decoding=\"async\" class=\" wp-image-92 alignright\" src=\"https:\/\/jessheim.katolsk.no\/wp-content\/uploads\/2020\/11\/confession-bilde.jpg\" alt=\"\" width=\"245\" height=\"341\" srcset=\"https:\/\/jessheim.katolsk.no\/wp-content\/uploads\/2020\/11\/confession-bilde.jpg 594w, https:\/\/jessheim.katolsk.no\/wp-content\/uploads\/2020\/11\/confession-bilde-215x300.jpg 215w\" sizes=\"auto, (max-width: 245px) 100vw, 245px\" \/><\/span><\/p>\n<p>Kristus tilgav syndere. Det gj\u00f8r ogs\u00e5 Kirken i hans navn og p\u00e5 hans befaling: \u00abOm dere tilgir noen deres synder, er de tilgitt,\u00bb sier Kristus til disiplene, og \u00abom dere holder syndene fast for noen, er de fastholdt.\u00bb (Joh 20:23)<\/p>\n<p>N\u00e5r vi skrifter for en prest, m\u00e5 vi ikke glemme dette dypere perspektiv. Det er overfor Gud vi bekjenner v\u00e5r synd, og for \u00e5 kunne gj\u00f8re det i anger og oppriktighet, trenger vi aller f\u00f8rst \u00e5 bekjenne v\u00e5r tro p\u00e5 ham.<\/p>\n<p>I St. Gudmund er det anledning til skriftem\u00e5l hver onsdag og l\u00f8rdag kl.17:30 eller etter avtale med presten.<\/p>\n<p>Presten har absolutt taushetsplikt ang\u00e5ende innholdet til den enkeltes skriftem\u00e5l.<\/p>\n<p>+ <a href=\"https:\/\/jessheim.katolsk.no\/wp-content\/uploads\/2020\/11\/Skriftemalsritualet.pdf\">Skriftem\u00e5lsritualet<\/a><br \/>\n+ Skriftem\u00e5l ark for barn<br \/>\n+ <a href=\"https:\/\/jessheim.katolsk.no\/wp-content\/uploads\/2020\/11\/SkriftemalArkforUngdom.pdf\">Skriftem\u00e5l ark for ungdom<\/a><\/p>\n<p>&nbsp;<\/p>\n<p class=\"note\"><strong>Kilde<\/strong>: B\u00f8nnebok s. 614<\/p>\n","protected":false},"excerpt":{"rendered":"<p>Kristus tilgav syndere. Det gj\u00f8r ogs\u00e5 Kirken i hans navn og p\u00e5 hans befaling: \u00abOm dere tilgir noen deres synder,<\/p>\n","protected":false},"author":2,"featured_media":0,"parent":0,"menu_order":0,"comment_status":"closed","ping_status":"closed","template":"","meta":{"colormag_page_container_layout":"default_layout","colormag_page_sidebar_layout":"default_layout","ngg_post_thumbnail":0,"footnotes":""},"class_list":["post-1004","page","type-page","status-publish","hentry"],"_links":{"self":[{"href":"https:\/\/jessheim.katolsk.no\/index.php?rest_route=\/wp\/v2\/pages\/1004","targetHints":{"allow":["GET"]}}],"collection":[{"href":"https:\/\/jessheim.katolsk.no\/index.php?rest_route=\/wp\/v2\/pages"}],"about":[{"href":"https:\/\/jessheim.katolsk.no\/index.php?rest_route=\/wp\/v2\/types\/page"}],"author":[{"embeddable":true,"href":"https:\/\/jessheim.katolsk.no\/index.php?rest_route=\/wp\/v2\/users\/2"}],"replies":[{"embeddable":true,"href":"https:\/\/jessheim.katolsk.no\/index.php?rest_route=%2Fwp%2Fv2%2Fcomments&post=1004"}],"version-history":[{"count":6,"href":"https:\/\/jessheim.katolsk.no\/index.php?rest_route=\/wp\/v2\/pages\/1004\/revisions"}],"predecessor-version":[{"id":3716,"href":"https:\/\/jessheim.katolsk.no\/index.php?rest_route=\/wp\/v2\/pages\/1004\/revisions\/3716"}],"wp:attachment":[{"href":"https:\/\/jessheim.katolsk.no\/index.php?rest_route=%2Fwp%2Fv2%2Fmedia&parent=1004"}],"curies":[{"name":"wp","href":"https:\/\/api.w.org\/{rel}","templated":true}]}}